{"id":514,"date":"2025-06-30T08:52:10","date_gmt":"2025-06-30T08:52:10","guid":{"rendered":"https:\/\/www.globalworker.pl\/nowa\/?page_id=514"},"modified":"2025-07-02T12:07:18","modified_gmt":"2025-07-02T12:07:18","slug":"o-nas","status":"publish","type":"page","link":"https:\/\/www.globalworker.pl\/nowa\/o-nas\/","title":{"rendered":"O nas"},"content":{"rendered":"\t\t<div data-elementor-type=\"wp-page\" data-elementor-id=\"514\" class=\"elementor elementor-514\">\n\t\t\t\t<div class=\"elementor-element elementor-element-340ae1a e-flex e-con-boxed e-con e-parent\" data-id=\"340ae1a\" data-element_type=\"container\" data-e-type=\"container\" data-settings=\"{&quot;background_background&quot;:&quot;gradient&quot;}\">\n\t\t\t\t\t<div class=\"e-con-inner\">\n\t\t<div class=\"elementor-element elementor-element-fd48348 e-con-full e-flex e-con e-child\" data-id=\"fd48348\" data-element_type=\"container\" data-e-type=\"container\">\n\t\t\t\t<div class=\"elementor-element elementor-element-623485b elementor-widget elementor-widget-heading\" data-id=\"623485b\" data-element_type=\"widget\" data-e-type=\"widget\" data-widget_type=\"heading.default\">\n\t\t\t\t<div class=\"elementor-widget-container\">\n\t\t\t\t\t<h5 class=\"elementor-heading-title elementor-size-default\">O NAS<\/h5>\t\t\t\t<\/div>\n\t\t\t\t<\/div>\n\t\t\t\t<div class=\"elementor-element elementor-element-c2cbdcb elementor-widget elementor-widget-heading\" data-id=\"c2cbdcb\" data-element_type=\"widget\" data-e-type=\"widget\" data-widget_type=\"heading.default\">\n\t\t\t\t<div class=\"elementor-widget-container\">\n\t\t\t\t\t<h2 class=\"elementor-heading-title elementor-size-default\">Global Worker<\/h2>\t\t\t\t<\/div>\n\t\t\t\t<\/div>\n\t\t\t\t<div class=\"elementor-element elementor-element-d78fd8e elementor-widget-divider--view-line elementor-widget elementor-widget-divider\" data-id=\"d78fd8e\" data-element_type=\"widget\" data-e-type=\"widget\" data-widget_type=\"divider.default\">\n\t\t\t\t<div class=\"elementor-widget-container\">\n\t\t\t\t\t\t\t<div class=\"elementor-divider\">\n\t\t\t<span class=\"elementor-divider-separator\">\n\t\t\t\t\t\t<\/span>\n\t\t<\/div>\n\t\t\t\t\t\t<\/div>\n\t\t\t\t<\/div>\n\t\t\t\t<div class=\"elementor-element elementor-element-7679b6c elementor-widget elementor-widget-text-editor\" data-id=\"7679b6c\" data-element_type=\"widget\" data-e-type=\"widget\" data-widget_type=\"text-editor.default\">\n\t\t\t\t<div class=\"elementor-widget-container\">\n\t\t\t\t\t\t\t\t\t<p><b>Global Worker<\/b>\u00a0to do\u015bwiadczona agencja pracy tymczasowej zapewniaj\u0105ca profesjonaln\u0105 pomoc w uzupe\u0142nianiu niedobor\u00f3w kadrowych dla pracodawc\u00f3w i kompleksowej i bezpiecznej rekrutacji pracownik\u00f3w.<\/p><p>Dzi\u0119ki bogatej sieci kontakt\u00f3w i oddzia\u0142om na\u00a0<strong>Ukrainie<\/strong>\u00a0<em>(przedstawicielstwo w Kijowie i we Lwowie)<\/em>\u00a0specjalizujemy si\u0119 w pozyskiwaniu pracownik\u00f3w z rynku wschodniego. Rekrutujemy tak\u017ce pracownik\u00f3w z\u00a0<strong>Mo\u0142dawii,\u00a0<\/strong><strong>Bia\u0142orusi czy Indii<\/strong>.<\/p><p>Nasz\u0105 kadr\u0119 tworz\u0105 do\u015bwiadczeni w HR rekruterzy, znaj\u0105cy realia polskiego i zagranicznego rynku pracy. Dzi\u0119ki ich wiedzy proces rekrutacji jest szybki i skuteczny, daj\u0105cy pracodawcy pewno\u015b\u0107 w\u0142a\u015bciwego wyboru.<\/p><h3>Dlaczego my?<\/h3><p><b>GLOBAL WORKER<\/b>\u00a0zapewnia szybk\u0105 pomoc dla pracodawcy w zape\u0142nieniu luk kadrowych i znalezieniu odpowiednich specjalist\u00f3w na poszukiwane stanowiska. Uzupe\u0142niamy niedobory kadrowe kieruj\u0105c si\u0119 legaln\u0105 formu\u0142\u0105 zatrudnienia, tak\u017ce w pracy tymczasowej.<\/p><p>Tylko nasza agencja oferuje wariant\u00a0<strong>\u201ePracownik na ju\u017c\u201d<\/strong>, czyli szybki proces rekrutacji i wsparcia Klient\u00f3w pracownikami zewn\u0119trznymi w przypadku nag\u0142ych i sezonowych wzrost\u00f3w zapotrzebowania pracownik\u00f3w produkcji lub personelu pomocniczego.<\/p><p>Znamy rynek i realia, dlatego wiemy jak zape\u0142ni\u0107 czasowe niedobory pracownicze spowodowane wahaniami koniunkturalnymi, zwi\u0119kszy\u0107 elastyczno\u015b\u0107 zatrudnienia i dostosowa\u0107 poziom zatrudnienia do aktualnych zmiennych potrzeb bez anga\u017cowania w\u0142asnych zasob\u00f3w administracyjnych.<\/p><h3>Wygodnie w ca\u0142ej Polsce<\/h3><p>Dzi\u0119ki oddzia\u0142om w\u00a0<strong>\u0141odzi<\/strong> i <strong>Gliwicach\u00a0<\/strong>jeste\u015bmy w stanie odpowiedzie\u0107 na potrzeby Klient\u00f3w z ca\u0142ego kraju. Mo\u017cemy pom\u00f3c w transporcie pracownik\u00f3w, a tak\u017ce ich czasowemu lub sta\u0142emu zakwaterowaniu. Nasi przedstawiciele handlowi ch\u0119tnie odpowiedz\u0105 na wszystkie pytania i wyja\u015bni\u0105 proces rekrutacji na spotkaniu w oddziale lub Pa\u0144stwa firmie.<\/p><h3>Do\u015bwiadczony zesp\u00f3\u0142<\/h3><p>Pracujemy z do\u015bwiadczonym zespo\u0142em handlowym i HR co pozwala na konstruowanie ofert dopasowanych do Pa\u0144stwa potrzeb oraz znalezienie takich pracownik\u00f3w, jakich Pa\u0144stwa firma aktualnie potrzebuje. Wieloj\u0119zyczny zesp\u00f3\u0142 bez problemu porozumiewa wsp\u00f3\u0142pracuje z naszymi zagranicznymi partnerami i lokalizuje oferty w innych Pa\u0144stwach.\u00a0<\/p>\t\t\t\t\t\t\t\t<\/div>\n\t\t\t\t<\/div>\n\t\t\t\t<\/div>\n\t\t<div class=\"elementor-element elementor-element-fad8510 e-con-full e-flex e-con e-child\" data-id=\"fad8510\" data-element_type=\"container\" data-e-type=\"container\">\n\t\t\t\t<div class=\"elementor-element elementor-element-458af51 elementor-widget elementor-widget-image\" data-id=\"458af51\" data-element_type=\"widget\" data-e-type=\"widget\" data-widget_type=\"image.default\">\n\t\t\t\t<div class=\"elementor-widget-container\">\n\t\t\t\t\t\t\t\t\t\t\t\t\t\t\t<img decoding=\"async\" src=\"https:\/\/www.globalworker.pl\/nowa\/wp-content\/uploads\/elementor\/thumbs\/professional-businesspeople-discussing-business-strategy-scaled-r85yibigndtf7wsi9nctavx3k3x2f3v7fy2uq00if4.jpg\" title=\"professional-businesspeople-discussing-business-strategy\" alt=\"professional-businesspeople-discussing-business-strategy\" loading=\"lazy\" \/>\t\t\t\t\t\t\t\t\t\t\t\t\t\t\t<\/div>\n\t\t\t\t<\/div>\n\t\t\t\t<div class=\"elementor-element elementor-element-9a0f559 elementor-widget elementor-widget-image\" data-id=\"9a0f559\" data-element_type=\"widget\" data-e-type=\"widget\" data-widget_type=\"image.default\">\n\t\t\t\t<div class=\"elementor-widget-container\">\n\t\t\t\t\t\t\t\t\t\t\t\t\t\t\t<img decoding=\"async\" src=\"https:\/\/www.globalworker.pl\/nowa\/wp-content\/uploads\/elementor\/thumbs\/close-up-young-colleagues-having-meeting-scaled-r85ypf6kabjexuh4spvc53eh4wwwks2733ix99hfeo.jpg\" title=\"close-up-young-colleagues-having-meeting\" alt=\"close-up-young-colleagues-having-meeting\" loading=\"lazy\" \/>\t\t\t\t\t\t\t\t\t\t\t\t\t\t\t<\/div>\n\t\t\t\t<\/div>\n\t\t\t\t<\/div>\n\t\t\t\t\t<\/div>\n\t\t\t\t<\/div>\n\t\t\t\t<\/div>\n\t\t","protected":false},"excerpt":{"rendered":"<p>O NAS Global Worker Global Worker\u00a0to do\u015bwiadczona agencja pracy tymczasowej zapewniaj\u0105ca profesjonaln\u0105 pomoc w uzupe\u0142nianiu niedobor\u00f3w kadrowych dla pracodawc\u00f3w i kompleksowej i bezpiecznej rekrutacji pracownik\u00f3w. Dzi\u0119ki bogatej sieci kontakt\u00f3w i oddzia\u0142om na\u00a0Ukrainie\u00a0(przedstawicielstwo w Kijowie i we Lwowie)\u00a0specjalizujemy si\u0119 w pozyskiwaniu pracownik\u00f3w z rynku wschodniego. Rekrutujemy tak\u017ce pracownik\u00f3w z\u00a0Mo\u0142dawii,\u00a0Bia\u0142orusi czy Indii. Nasz\u0105 kadr\u0119 tworz\u0105 do\u015bwiadczeni w [&hellip;]<\/p>\n","protected":false},"author":1,"featured_media":0,"parent":0,"menu_order":0,"comment_status":"closed","ping_status":"closed","template":"","meta":{"ocean_post_layout":"full-screen","ocean_both_sidebars_style":"","ocean_both_sidebars_content_width":0,"ocean_both_sidebars_sidebars_width":0,"ocean_sidebar":"0","ocean_second_sidebar":"0","ocean_disable_margins":"enable","ocean_add_body_class":"","ocean_shortcode_before_top_bar":"","ocean_shortcode_after_top_bar":"","ocean_shortcode_before_header":"","ocean_shortcode_after_header":"","ocean_has_shortcode":"","ocean_shortcode_after_title":"","ocean_shortcode_before_footer_widgets":"","ocean_shortcode_after_footer_widgets":"","ocean_shortcode_before_footer_bottom":"","ocean_shortcode_after_footer_bottom":"","ocean_display_top_bar":"off","ocean_display_header":"default","ocean_header_style":"","ocean_center_header_left_menu":"0","ocean_custom_header_template":"0","ocean_custom_logo":0,"ocean_custom_retina_logo":0,"ocean_custom_logo_max_width":0,"ocean_custom_logo_tablet_max_width":0,"ocean_custom_logo_mobile_max_width":0,"ocean_custom_logo_max_height":0,"ocean_custom_logo_tablet_max_height":0,"ocean_custom_logo_mobile_max_height":0,"ocean_header_custom_menu":"0","ocean_menu_typo_font_family":"0","ocean_menu_typo_font_subset":"","ocean_menu_typo_font_size":0,"ocean_menu_typo_font_size_tablet":0,"ocean_menu_typo_font_size_mobile":0,"ocean_menu_typo_font_size_unit":"px","ocean_menu_typo_font_weight":"","ocean_menu_typo_font_weight_tablet":"","ocean_menu_typo_font_weight_mobile":"","ocean_menu_typo_transform":"","ocean_menu_typo_transform_tablet":"","ocean_menu_typo_transform_mobile":"","ocean_menu_typo_line_height":0,"ocean_menu_typo_line_height_tablet":0,"ocean_menu_typo_line_height_mobile":0,"ocean_menu_typo_line_height_unit":"","ocean_menu_typo_spacing":0,"ocean_menu_typo_spacing_tablet":0,"ocean_menu_typo_spacing_mobile":0,"ocean_menu_typo_spacing_unit":"","ocean_menu_link_color":"","ocean_menu_link_color_hover":"","ocean_menu_link_color_active":"","ocean_menu_link_background":"","ocean_menu_link_hover_background":"","ocean_menu_link_active_background":"","ocean_menu_social_links_bg":"","ocean_menu_social_hover_links_bg":"","ocean_menu_social_links_color":"","ocean_menu_social_hover_links_color":"","ocean_disable_title":"on","ocean_disable_heading":"default","ocean_post_title":"","ocean_post_subheading":"","ocean_post_title_style":"","ocean_post_title_background_color":"","ocean_post_title_background":0,"ocean_post_title_bg_image_position":"","ocean_post_title_bg_image_attachment":"","ocean_post_title_bg_image_repeat":"","ocean_post_title_bg_image_size":"","ocean_post_title_height":0,"ocean_post_title_bg_overlay":0.5,"ocean_post_title_bg_overlay_color":"","ocean_disable_breadcrumbs":"default","ocean_breadcrumbs_color":"","ocean_breadcrumbs_separator_color":"","ocean_breadcrumbs_links_color":"","ocean_breadcrumbs_links_hover_color":"","ocean_display_footer_widgets":"default","ocean_display_footer_bottom":"off","ocean_custom_footer_template":"0","footnotes":""},"class_list":["post-514","page","type-page","status-publish","hentry","entry"],"_links":{"self":[{"href":"https:\/\/www.globalworker.pl\/nowa\/wp-json\/wp\/v2\/pages\/514","targetHints":{"allow":["GET"]}}],"collection":[{"href":"https:\/\/www.globalworker.pl\/nowa\/wp-json\/wp\/v2\/pages"}],"about":[{"href":"https:\/\/www.globalworker.pl\/nowa\/wp-json\/wp\/v2\/types\/page"}],"author":[{"embeddable":true,"href":"https:\/\/www.globalworker.pl\/nowa\/wp-json\/wp\/v2\/users\/1"}],"replies":[{"embeddable":true,"href":"https:\/\/www.globalworker.pl\/nowa\/wp-json\/wp\/v2\/comments?post=514"}],"version-history":[{"count":11,"href":"https:\/\/www.globalworker.pl\/nowa\/wp-json\/wp\/v2\/pages\/514\/revisions"}],"predecessor-version":[{"id":669,"href":"https:\/\/www.globalworker.pl\/nowa\/wp-json\/wp\/v2\/pages\/514\/revisions\/669"}],"wp:attachment":[{"href":"https:\/\/www.globalworker.pl\/nowa\/wp-json\/wp\/v2\/media?parent=514"}],"curies":[{"name":"wp","href":"https:\/\/api.w.org\/{rel}","templated":true}]}}