{"id":516,"date":"2025-06-30T08:53:38","date_gmt":"2025-06-30T08:53:38","guid":{"rendered":"https:\/\/www.globalworker.pl\/nowa\/?page_id=516"},"modified":"2025-07-07T11:01:15","modified_gmt":"2025-07-07T11:01:15","slug":"sygnalisci","status":"publish","type":"page","link":"https:\/\/www.globalworker.pl\/nowa\/sygnalisci\/","title":{"rendered":"Sygnali\u015bci"},"content":{"rendered":"\t\t<div data-elementor-type=\"wp-page\" data-elementor-id=\"516\" class=\"elementor elementor-516\">\n\t\t\t\t<div class=\"elementor-element elementor-element-a74c28a e-flex e-con-boxed e-con e-parent\" data-id=\"a74c28a\" data-element_type=\"container\" data-e-type=\"container\" data-settings=\"{&quot;background_background&quot;:&quot;gradient&quot;}\">\n\t\t\t\t\t<div class=\"e-con-inner\">\n\t\t\t\t<div class=\"elementor-element elementor-element-f8b605c elementor-widget elementor-widget-heading\" data-id=\"f8b605c\" data-element_type=\"widget\" data-e-type=\"widget\" data-widget_type=\"heading.default\">\n\t\t\t\t<div class=\"elementor-widget-container\">\n\t\t\t\t\t<h2 class=\"elementor-heading-title elementor-size-default\">Ochrona sygnalist\u00f3w Global Worker Sp. z o.o.<\/h2>\t\t\t\t<\/div>\n\t\t\t\t<\/div>\n\t\t\t\t\t<\/div>\n\t\t\t\t<\/div>\n\t\t<div class=\"elementor-element elementor-element-e357de9 e-flex e-con-boxed e-con e-parent\" data-id=\"e357de9\" data-element_type=\"container\" data-e-type=\"container\">\n\t\t\t\t\t<div class=\"e-con-inner\">\n\t\t\t\t<div class=\"elementor-element elementor-element-58ec5e5 elementor-widget elementor-widget-text-editor\" data-id=\"58ec5e5\" data-element_type=\"widget\" data-e-type=\"widget\" data-widget_type=\"text-editor.default\">\n\t\t\t\t<div class=\"elementor-widget-container\">\n\t\t\t\t\t\t\t\t\t<p>W trosce o przejrzysto\u015b\u0107 i uczciwo\u015b\u0107 naszej organizacji wdro\u017cyli\u015bmy system umo\u017cliwiaj\u0105cy zg\u0142aszanie nieprawid\u0142owo\u015bci w bezpieczny i anonimowy spos\u00f3b. Zgodnie z ustaw\u0105 o ochronie os\u00f3b zg\u0142aszaj\u0105cych naruszenia prawa (tzw. ustawa o sygnalistach), gwarantujemy ochron\u0119 sygnalistom, kt\u00f3rzy w dobrej wierze zg\u0142osz\u0105 dzia\u0142ania naruszaj\u0105ce przepisy prawa lub zasady etyczne.<\/p><h3><strong>Co mo\u017cesz zg\u0142asza\u0107?<\/strong><\/h3><p>Sygnalista mo\u017ce poinformowa\u0107 o naruszeniach takich jak:<\/p><ul><li>\u0142amanie prawa pracy, przepis\u00f3w finansowych lub ochrony \u015brodowiska,<\/li><li>korupcja, oszustwa, nieetyczne praktyki biznesowe,<\/li><li>nadu\u017cycia w miejscu pracy (np. mobbing, dyskryminacja),<\/li><li>inne dzia\u0142ania zagra\u017caj\u0105ce interesowi publicznemu lub naszej organizacji.<\/li><\/ul><hr \/><h3><strong>Jak zg\u0142osi\u0107 naruszenie?<\/strong><\/h3><p>Masz do wyboru kilka metod zg\u0142oszenia:<\/p><ol><li>Pobierz i zapoznaj si\u0119 z procedur\u0105:\u00a0<a href=\"https:\/\/globalworker.pl\/pub\/uploads\/do-pobrania\/FormularzGW.pdf\">Pobierz<\/a><\/li><li><strong>Adres e-mail<\/strong>: Wy\u015blij wype\u0142nione zg\u0142oszenie na dedykowany adres: <a href=\"mailto:sygnalista@globalworker.pl ?subject=Zg%C5%82oszenie%20narusze%C5%84\"><strong>sygnalista@globalworker.pl<\/strong><\/a><\/li><\/ol><hr \/><h3><strong>Twoja ochrona<\/strong><\/h3><p>Zg\u0142aszaj\u0105c naruszenie:<\/p><ul><li>Twoja to\u017csamo\u015b\u0107 jest\u00a0<strong>w pe\u0142ni chroniona<\/strong>\u00a0\u2013 wszystkie zg\u0142oszenia mog\u0105 by\u0107 anonimowe.<\/li><li>Nie poniesiesz \u017cadnych konsekwencji za zg\u0142oszenie w dobrej wierze, nawet je\u015bli nie zostanie ono potwierdzone.<\/li><li>Wszystkie informacje s\u0105 traktowane poufnie, a ich przetwarzanie odbywa si\u0119 zgodnie z przepisami prawa i polityk\u0105 ochrony danych osobowych.<\/li><\/ul>\t\t\t\t\t\t\t\t<\/div>\n\t\t\t\t<\/div>\n\t\t\t\t\t<\/div>\n\t\t\t\t<\/div>\n\t\t\t\t<\/div>\n\t\t","protected":false},"excerpt":{"rendered":"<p>Ochrona sygnalist\u00f3w Global Worker Sp. z o.o. W trosce o przejrzysto\u015b\u0107 i uczciwo\u015b\u0107 naszej organizacji wdro\u017cyli\u015bmy system umo\u017cliwiaj\u0105cy zg\u0142aszanie nieprawid\u0142owo\u015bci w bezpieczny i anonimowy spos\u00f3b. Zgodnie z ustaw\u0105 o ochronie os\u00f3b zg\u0142aszaj\u0105cych naruszenia prawa (tzw. ustawa o sygnalistach), gwarantujemy ochron\u0119 sygnalistom, kt\u00f3rzy w dobrej wierze zg\u0142osz\u0105 dzia\u0142ania naruszaj\u0105ce przepisy prawa lub zasady etyczne. Co mo\u017cesz [&hellip;]<\/p>\n","protected":false},"author":1,"featured_media":0,"parent":0,"menu_order":0,"comment_status":"closed","ping_status":"closed","template":"","meta":{"ocean_post_layout":"full-screen","ocean_both_sidebars_style":"","ocean_both_sidebars_content_width":0,"ocean_both_sidebars_sidebars_width":0,"ocean_sidebar":"0","ocean_second_sidebar":"0","ocean_disable_margins":"enable","ocean_add_body_class":"","ocean_shortcode_before_top_bar":"","ocean_shortcode_after_top_bar":"","ocean_shortcode_before_header":"","ocean_shortcode_after_header":"","ocean_has_shortcode":"","ocean_shortcode_after_title":"","ocean_shortcode_before_footer_widgets":"","ocean_shortcode_after_footer_widgets":"","ocean_shortcode_before_footer_bottom":"","ocean_shortcode_after_footer_bottom":"","ocean_display_top_bar":"off","ocean_display_header":"default","ocean_header_style":"","ocean_center_header_left_menu":"0","ocean_custom_header_template":"0","ocean_custom_logo":0,"ocean_custom_retina_logo":0,"ocean_custom_logo_max_width":0,"ocean_custom_logo_tablet_max_width":0,"ocean_custom_logo_mobile_max_width":0,"ocean_custom_logo_max_height":0,"ocean_custom_logo_tablet_max_height":0,"ocean_custom_logo_mobile_max_height":0,"ocean_header_custom_menu":"0","ocean_menu_typo_font_family":"0","ocean_menu_typo_font_subset":"","ocean_menu_typo_font_size":0,"ocean_menu_typo_font_size_tablet":0,"ocean_menu_typo_font_size_mobile":0,"ocean_menu_typo_font_size_unit":"px","ocean_menu_typo_font_weight":"","ocean_menu_typo_font_weight_tablet":"","ocean_menu_typo_font_weight_mobile":"","ocean_menu_typo_transform":"","ocean_menu_typo_transform_tablet":"","ocean_menu_typo_transform_mobile":"","ocean_menu_typo_line_height":0,"ocean_menu_typo_line_height_tablet":0,"ocean_menu_typo_line_height_mobile":0,"ocean_menu_typo_line_height_unit":"","ocean_menu_typo_spacing":0,"ocean_menu_typo_spacing_tablet":0,"ocean_menu_typo_spacing_mobile":0,"ocean_menu_typo_spacing_unit":"","ocean_menu_link_color":"","ocean_menu_link_color_hover":"","ocean_menu_link_color_active":"","ocean_menu_link_background":"","ocean_menu_link_hover_background":"","ocean_menu_link_active_background":"","ocean_menu_social_links_bg":"","ocean_menu_social_hover_links_bg":"","ocean_menu_social_links_color":"","ocean_menu_social_hover_links_color":"","ocean_disable_title":"on","ocean_disable_heading":"default","ocean_post_title":"","ocean_post_subheading":"","ocean_post_title_style":"","ocean_post_title_background_color":"","ocean_post_title_background":0,"ocean_post_title_bg_image_position":"","ocean_post_title_bg_image_attachment":"","ocean_post_title_bg_image_repeat":"","ocean_post_title_bg_image_size":"","ocean_post_title_height":0,"ocean_post_title_bg_overlay":0.5,"ocean_post_title_bg_overlay_color":"","ocean_disable_breadcrumbs":"default","ocean_breadcrumbs_color":"","ocean_breadcrumbs_separator_color":"","ocean_breadcrumbs_links_color":"","ocean_breadcrumbs_links_hover_color":"","ocean_display_footer_widgets":"default","ocean_display_footer_bottom":"off","ocean_custom_footer_template":"0","footnotes":""},"class_list":["post-516","page","type-page","status-publish","hentry","entry"],"_links":{"self":[{"href":"https:\/\/www.globalworker.pl\/nowa\/wp-json\/wp\/v2\/pages\/516","targetHints":{"allow":["GET"]}}],"collection":[{"href":"https:\/\/www.globalworker.pl\/nowa\/wp-json\/wp\/v2\/pages"}],"about":[{"href":"https:\/\/www.globalworker.pl\/nowa\/wp-json\/wp\/v2\/types\/page"}],"author":[{"embeddable":true,"href":"https:\/\/www.globalworker.pl\/nowa\/wp-json\/wp\/v2\/users\/1"}],"replies":[{"embeddable":true,"href":"https:\/\/www.globalworker.pl\/nowa\/wp-json\/wp\/v2\/comments?post=516"}],"version-history":[{"count":4,"href":"https:\/\/www.globalworker.pl\/nowa\/wp-json\/wp\/v2\/pages\/516\/revisions"}],"predecessor-version":[{"id":685,"href":"https:\/\/www.globalworker.pl\/nowa\/wp-json\/wp\/v2\/pages\/516\/revisions\/685"}],"wp:attachment":[{"href":"https:\/\/www.globalworker.pl\/nowa\/wp-json\/wp\/v2\/media?parent=516"}],"curies":[{"name":"wp","href":"https:\/\/api.w.org\/{rel}","templated":true}]}}